{"id":208,"date":"2026-04-20T15:36:38","date_gmt":"2026-04-20T15:36:38","guid":{"rendered":"https:\/\/botucatu.net\/?page_id=208"},"modified":"2026-04-20T15:54:15","modified_gmt":"2026-04-20T15:54:15","slug":"adriana-menezes_obrigada","status":"publish","type":"page","link":"https:\/\/botucatu.net\/index.php\/adriana-menezes_obrigada\/","title":{"rendered":"Adriana Menezes_obrigada"},"content":{"rendered":"\t\t<div data-elementor-type=\"wp-page\" data-elementor-id=\"208\" class=\"elementor elementor-208\">\n\t\t\t\t<div class=\"elementor-element elementor-element-f554ef1 e-flex e-con-boxed e-con e-parent\" data-id=\"f554ef1\" data-element_type=\"container\" data-e-type=\"container\" data-settings=\"{&quot;background_background&quot;:&quot;classic&quot;}\">\n\t\t\t\t\t<div class=\"e-con-inner\">\n\t\t\t\t<div class=\"elementor-element elementor-element-36a339b elementor-widget elementor-widget-image\" data-id=\"36a339b\" data-element_type=\"widget\" data-e-type=\"widget\" data-widget_type=\"image.default\">\n\t\t\t\t\t\t\t\t\t\t\t\t\t\t\t<img fetchpriority=\"high\" decoding=\"async\" width=\"768\" height=\"263\" src=\"https:\/\/botucatu.net\/wp-content\/uploads\/2026\/02\/Adriana-Menezes-768x263.png\" class=\"attachment-medium_large size-medium_large wp-image-44\" alt=\"logomarca_adriana_menezes\" srcset=\"https:\/\/botucatu.net\/wp-content\/uploads\/2026\/02\/Adriana-Menezes-768x263.png 768w, https:\/\/botucatu.net\/wp-content\/uploads\/2026\/02\/Adriana-Menezes-300x103.png 300w, https:\/\/botucatu.net\/wp-content\/uploads\/2026\/02\/Adriana-Menezes.png 1024w\" sizes=\"(max-width: 768px) 100vw, 768px\" \/>\t\t\t\t\t\t\t\t\t\t\t\t\t\t\t<\/div>\n\t\t\t\t\t<\/div>\n\t\t\t\t<\/div>\n\t\t<div class=\"elementor-element elementor-element-91b93e1 e-flex e-con-boxed e-con e-parent\" data-id=\"91b93e1\" data-element_type=\"container\" data-e-type=\"container\" data-settings=\"{&quot;background_background&quot;:&quot;classic&quot;}\">\n\t\t\t\t\t<div class=\"e-con-inner\">\n\t\t\t\t<div class=\"elementor-element elementor-element-714d8c8 elementor-widget elementor-widget-heading\" data-id=\"714d8c8\" data-element_type=\"widget\" data-e-type=\"widget\" data-widget_type=\"heading.default\">\n\t\t\t\t\t<h2 class=\"elementor-heading-title elementor-size-default\">Obrigada pelo seu acesso!<\/h2>\t\t\t\t<\/div>\n\t\t\t\t\t<\/div>\n\t\t\t\t<\/div>\n\t\t<div class=\"elementor-element elementor-element-e146286 e-flex e-con-boxed e-con e-parent\" data-id=\"e146286\" data-element_type=\"container\" data-e-type=\"container\" data-settings=\"{&quot;background_background&quot;:&quot;classic&quot;}\">\n\t\t\t\t\t<div class=\"e-con-inner\">\n\t\t<div class=\"elementor-element elementor-element-3aa463a e-con-full e-flex e-con e-child\" data-id=\"3aa463a\" data-element_type=\"container\" data-e-type=\"container\">\n\t\t\t\t<div class=\"elementor-element elementor-element-8ad1f2b elementor-invisible elementor-widget elementor-widget-image\" data-id=\"8ad1f2b\" data-element_type=\"widget\" data-e-type=\"widget\" data-settings=\"{&quot;_animation&quot;:&quot;slideInLeft&quot;}\" data-widget_type=\"image.default\">\n\t\t\t\t\t\t\t\t\t\t\t\t\t\t\t<img decoding=\"async\" width=\"768\" height=\"1152\" src=\"https:\/\/botucatu.net\/wp-content\/uploads\/2026\/04\/Dri-26_11_2025-33-768x1152.jpg\" class=\"attachment-medium_large size-medium_large wp-image-222\" alt=\"adriana_menezes\" srcset=\"https:\/\/botucatu.net\/wp-content\/uploads\/2026\/04\/Dri-26_11_2025-33-768x1152.jpg 768w, https:\/\/botucatu.net\/wp-content\/uploads\/2026\/04\/Dri-26_11_2025-33-200x300.jpg 200w, https:\/\/botucatu.net\/wp-content\/uploads\/2026\/04\/Dri-26_11_2025-33-683x1024.jpg 683w, https:\/\/botucatu.net\/wp-content\/uploads\/2026\/04\/Dri-26_11_2025-33-1024x1536.jpg 1024w, https:\/\/botucatu.net\/wp-content\/uploads\/2026\/04\/Dri-26_11_2025-33-1365x2048.jpg 1365w, https:\/\/botucatu.net\/wp-content\/uploads\/2026\/04\/Dri-26_11_2025-33-scaled.jpg 1707w\" sizes=\"(max-width: 768px) 100vw, 768px\" \/>\t\t\t\t\t\t\t\t\t\t\t\t\t\t\t<\/div>\n\t\t\t\t<\/div>\n\t\t<div class=\"elementor-element elementor-element-eccfefc e-con-full e-flex e-con e-child\" data-id=\"eccfefc\" data-element_type=\"container\" data-e-type=\"container\">\n\t\t\t\t<div class=\"elementor-element elementor-element-951e482 elementor-widget elementor-widget-text-editor\" data-id=\"951e482\" data-element_type=\"widget\" data-e-type=\"widget\" data-widget_type=\"text-editor.default\">\n\t\t\t\t\t\t\t\t\t<p class=\"my-2 [&amp;+p]:mt-4 [&amp;_strong:has(+br)]:inline-block [&amp;_strong:has(+br)]:pb-2\">Fico muito feliz por ter voc\u00ea por aqui.<br \/>Seu interesse em cuidar da sua energia e buscar mais equil\u00edbrio j\u00e1 \u00e9 um passo importante nessa jornada de autoconhecimento e bem-estar.<\/p><p class=\"my-2 [&amp;+p]:mt-4 [&amp;_strong:has(+br)]:inline-block [&amp;_strong:has(+br)]:pb-2\">Agora \u00e9 simples: para receber o e-book\u00a0<strong>\u201cUm Caminho Pr\u00e1tico para a Vitalidade, Poder e Paz Interior \u2013 Guia Completo: Equil\u00edbrio dos 7 Chakras\u201d<\/strong>, basta\u00a0<strong>clicar no bot\u00e3o de download<\/strong>\u00a0abaixo e salvar o material no seu dispositivo.<\/p><p class=\"my-2 [&amp;+p]:mt-4 [&amp;_strong:has(+br)]:inline-block [&amp;_strong:has(+br)]:pb-2\">Espero que esse guia te acompanhe em momentos de reconex\u00e3o, leveza e pr\u00e1tica no seu dia a dia.<br \/>Boa leitura!<\/p>\t\t\t\t\t\t\t\t<\/div>\n\t\t\t\t<div class=\"elementor-element elementor-element-510b421 elementor-align-justify elementor-mobile-align-justify elementor-widget-mobile__width-inherit elementor-widget elementor-widget-button\" data-id=\"510b421\" data-element_type=\"widget\" data-e-type=\"widget\" data-widget_type=\"button.default\">\n\t\t\t\t\t\t\t\t\t\t<a class=\"elementor-button elementor-button-link elementor-size-sm elementor-animation-bob\" href=\"https:\/\/botucatu.net\/wp-content\/uploads\/2026\/04\/Um-Caminho-Pratico-para-a-Vitalidade-Poder-e-Paz-Interior-Guia-Completo-Equilibrio-dos-7-Chakras.pdf\">\n\t\t\t\t\t\t<span class=\"elementor-button-content-wrapper\">\n\t\t\t\t\t\t\t\t\t<span class=\"elementor-button-text\">DOWNLOAD: Um Caminho Pr\u00e1tico para a Vitalidade, Poder e Paz Interior Guia Completo: Equil\u00edbrio dos 7 Chakras<\/span>\n\t\t\t\t\t<\/span>\n\t\t\t\t\t<\/a>\n\t\t\t\t\t\t\t\t<\/div>\n\t\t\t\t<\/div>\n\t\t\t\t\t<\/div>\n\t\t\t\t<\/div>\n\t\t<div class=\"elementor-element elementor-element-ebbad40 e-flex e-con-boxed e-con e-parent\" data-id=\"ebbad40\" data-element_type=\"container\" data-e-type=\"container\">\n\t\t\t\t\t<div class=\"e-con-inner\">\n\t\t\t\t\t<\/div>\n\t\t\t\t<\/div>\n\t\t\t\t<\/div>\n\t\t","protected":false},"excerpt":{"rendered":"<p>Obrigada pelo seu acesso! Fico muito feliz por ter voc\u00ea por aqui.Seu interesse em cuidar da sua energia e buscar [&hellip;]<\/p>\n","protected":false},"author":1,"featured_media":0,"parent":0,"menu_order":0,"comment_status":"closed","ping_status":"closed","template":"elementor_canvas","meta":{"site-sidebar-layout":"no-sidebar","site-content-layout":"","ast-site-content-layout":"full-width-container","site-content-style":"default","site-sidebar-style":"default","ast-global-header-display":"","ast-banner-title-visibility":"","ast-main-header-display":"","ast-hfb-above-header-display":"","ast-hfb-below-header-display":"","ast-hfb-mobile-header-display":"","site-post-title":"disabled","ast-breadcrumbs-content":"","ast-featured-img":"disabled","footer-sml-layout":"","ast-disable-related-posts":"","theme-transparent-header-meta":"","adv-header-id-meta":"","stick-header-meta":"","header-above-stick-meta":"","header-main-stick-meta":"","header-below-stick-meta":"","astra-migrate-meta-layouts":"default","ast-page-background-enabled":"default","ast-page-background-meta":{"desktop":{"background-color":"var(--ast-global-color-5)","background-image":"","background-repeat":"repeat","background-position":"center center","background-size":"auto","background-attachment":"scroll","background-type":"","background-media":"","overlay-type":"","overlay-color":"","overlay-opacity":"","overlay-gradient":""},"tablet":{"background-color":"","background-image":"","background-repeat":"repeat","background-position":"center center","background-size":"auto","background-attachment":"scroll","background-type":"","background-media":"","overlay-type":"","overlay-color":"","overlay-opacity":"","overlay-gradient":""},"mobile":{"background-color":"","background-image":"","background-repeat":"repeat","background-position":"center center","background-size":"auto","background-attachment":"scroll","background-type":"","background-media":"","overlay-type":"","overlay-color":"","overlay-opacity":"","overlay-gradient":""}},"ast-content-background-meta":{"desktop":{"background-color":"var(--ast-global-color-4)","background-image":"","background-repeat":"repeat","background-position":"center center","background-size":"auto","background-attachment":"scroll","background-type":"","background-media":"","overlay-type":"","overlay-color":"","overlay-opacity":"","overlay-gradient":""},"tablet":{"background-color":"var(--ast-global-color-4)","background-image":"","background-repeat":"repeat","background-position":"center center","background-size":"auto","background-attachment":"scroll","background-type":"","background-media":"","overlay-type":"","overlay-color":"","overlay-opacity":"","overlay-gradient":""},"mobile":{"background-color":"var(--ast-global-color-4)","background-image":"","background-repeat":"repeat","background-position":"center center","background-size":"auto","background-attachment":"scroll","background-type":"","background-media":"","overlay-type":"","overlay-color":"","overlay-opacity":"","overlay-gradient":""}},"footnotes":""},"class_list":["post-208","page","type-page","status-publish","hentry"],"_links":{"self":[{"href":"https:\/\/botucatu.net\/index.php\/wp-json\/wp\/v2\/pages\/208","targetHints":{"allow":["GET"]}}],"collection":[{"href":"https:\/\/botucatu.net\/index.php\/wp-json\/wp\/v2\/pages"}],"about":[{"href":"https:\/\/botucatu.net\/index.php\/wp-json\/wp\/v2\/types\/page"}],"author":[{"embeddable":true,"href":"https:\/\/botucatu.net\/index.php\/wp-json\/wp\/v2\/users\/1"}],"replies":[{"embeddable":true,"href":"https:\/\/botucatu.net\/index.php\/wp-json\/wp\/v2\/comments?post=208"}],"version-history":[{"count":13,"href":"https:\/\/botucatu.net\/index.php\/wp-json\/wp\/v2\/pages\/208\/revisions"}],"predecessor-version":[{"id":225,"href":"https:\/\/botucatu.net\/index.php\/wp-json\/wp\/v2\/pages\/208\/revisions\/225"}],"wp:attachment":[{"href":"https:\/\/botucatu.net\/index.php\/wp-json\/wp\/v2\/media?parent=208"}],"curies":[{"name":"wp","href":"https:\/\/api.w.org\/{rel}","templated":true}]}}